{"id":173,"date":"2024-04-09T08:56:24","date_gmt":"2024-04-09T11:56:24","guid":{"rendered":"https:\/\/colegiooautentico.com.br\/?page_id=173"},"modified":"2024-04-09T09:22:01","modified_gmt":"2024-04-09T12:22:01","slug":"manutencao","status":"publish","type":"page","link":"https:\/\/colegiooautentico.com\/index.php\/manutencao\/","title":{"rendered":"Manuten\u00e7\u00e3o"},"content":{"rendered":"\t\t<div data-elementor-type=\"wp-page\" data-elementor-id=\"173\" class=\"elementor elementor-173\">\n\t\t\t\t\t\t<section class=\"elementor-section elementor-top-section elementor-element elementor-element-r3diidg elementor-section-full_width elementor-section-content-middle elementor-section-height-default elementor-section-height-default\" data-id=\"r3diidg\" data-element_type=\"section\" data-e-type=\"section\" data-settings=\"{&quot;background_background&quot;:&quot;classic&quot;}\">\n\t\t\t\t\t\t<div class=\"elementor-container elementor-column-gap-no\">\n\t\t\t\t\t<div class=\"elementor-column elementor-col-50 elementor-top-column elementor-element elementor-element-4292f5a\" data-id=\"4292f5a\" data-element_type=\"column\" data-e-type=\"column\">\n\t\t\t<div class=\"elementor-widget-wrap elementor-element-populated\">\n\t\t\t\t\t\t<div class=\"elementor-element elementor-element-6d93f44 elementor-widget elementor-widget-image\" data-id=\"6d93f44\" data-element_type=\"widget\" data-e-type=\"widget\" data-widget_type=\"image.default\">\n\t\t\t\t<div class=\"elementor-widget-container\">\n\t\t\t\t\t\t\t\t\t\t\t\t\t\t\t<img fetchpriority=\"high\" decoding=\"async\" width=\"1075\" height=\"703\" src=\"https:\/\/colegiooautentico.com\/wp-content\/uploads\/2022\/02\/app4-people-smartphone.png\" class=\"attachment-full size-full wp-image-85\" alt=\"\" srcset=\"https:\/\/colegiooautentico.com\/wp-content\/uploads\/2022\/02\/app4-people-smartphone.png 1075w, https:\/\/colegiooautentico.com\/wp-content\/uploads\/2022\/02\/app4-people-smartphone-300x196.png 300w, https:\/\/colegiooautentico.com\/wp-content\/uploads\/2022\/02\/app4-people-smartphone-1024x670.png 1024w, https:\/\/colegiooautentico.com\/wp-content\/uploads\/2022\/02\/app4-people-smartphone-768x502.png 768w, https:\/\/colegiooautentico.com\/wp-content\/uploads\/2022\/02\/app4-people-smartphone-223x146.png 223w, https:\/\/colegiooautentico.com\/wp-content\/uploads\/2022\/02\/app4-people-smartphone-50x33.png 50w, https:\/\/colegiooautentico.com\/wp-content\/uploads\/2022\/02\/app4-people-smartphone-115x75.png 115w\" sizes=\"(max-width: 1075px) 100vw, 1075px\" \/>\t\t\t\t\t\t\t\t\t\t\t\t\t\t\t<\/div>\n\t\t\t\t<\/div>\n\t\t\t\t\t<\/div>\n\t\t<\/div>\n\t\t\t\t<div class=\"elementor-column elementor-col-50 elementor-top-column elementor-element elementor-element-a8c8ff0\" data-id=\"a8c8ff0\" data-element_type=\"column\" data-e-type=\"column\">\n\t\t\t<div class=\"elementor-widget-wrap elementor-element-populated\">\n\t\t\t\t\t\t<section class=\"elementor-section elementor-inner-section elementor-element elementor-element-a893ccd elementor-section-boxed elementor-section-height-default elementor-section-height-default\" data-id=\"a893ccd\" data-element_type=\"section\" data-e-type=\"section\">\n\t\t\t\t\t\t<div class=\"elementor-container elementor-column-gap-no\">\n\t\t\t\t\t<div class=\"elementor-column elementor-col-100 elementor-inner-column elementor-element elementor-element-6534f2c\" data-id=\"6534f2c\" data-element_type=\"column\" data-e-type=\"column\">\n\t\t\t<div class=\"elementor-widget-wrap elementor-element-populated\">\n\t\t\t\t\t\t<div class=\"elementor-element elementor-element-ec3edf8 elementor-widget elementor-widget-image\" data-id=\"ec3edf8\" data-element_type=\"widget\" data-e-type=\"widget\" data-widget_type=\"image.default\">\n\t\t\t\t<div class=\"elementor-widget-container\">\n\t\t\t\t\t\t\t\t\t\t\t\t\t\t\t<img decoding=\"async\" width=\"468\" height=\"178\" data-src=\"https:\/\/colegiooautentico.com\/wp-content\/uploads\/2022\/01\/logo-1.png\" class=\"attachment-large size-large wp-image-10 lazyload\" alt=\"Col\u00e9gio O Aut\u00eantico\" data-srcset=\"https:\/\/colegiooautentico.com\/wp-content\/uploads\/2022\/01\/logo-1.png 468w, https:\/\/colegiooautentico.com\/wp-content\/uploads\/2022\/01\/logo-1-300x114.png 300w, https:\/\/colegiooautentico.com\/wp-content\/uploads\/2022\/01\/logo-1-260x99.png 260w, https:\/\/colegiooautentico.com\/wp-content\/uploads\/2022\/01\/logo-1-50x19.png 50w, https:\/\/colegiooautentico.com\/wp-content\/uploads\/2022\/01\/logo-1-150x57.png 150w\" data-sizes=\"(max-width: 468px) 100vw, 468px\" src=\"data:image\/svg+xml;base64,PHN2ZyB3aWR0aD0iMSIgaGVpZ2h0PSIxIiB4bWxucz0iaHR0cDovL3d3dy53My5vcmcvMjAwMC9zdmciPjwvc3ZnPg==\" style=\"--smush-placeholder-width: 468px; --smush-placeholder-aspect-ratio: 468\/178;\" \/>\t\t\t\t\t\t\t\t\t\t\t\t\t\t\t<\/div>\n\t\t\t\t<\/div>\n\t\t\t\t<div class=\"elementor-element elementor-element-fc9b946 elementor-widget elementor-widget-heading\" data-id=\"fc9b946\" data-element_type=\"widget\" data-e-type=\"widget\" data-widget_type=\"heading.default\">\n\t\t\t\t<div class=\"elementor-widget-container\">\n\t\t\t\t\t<h1 class=\"elementor-heading-title elementor-size-default\">P\u00e1gina em Manuten\u00e7\u00e3o<\/h1>\t\t\t\t<\/div>\n\t\t\t\t<\/div>\n\t\t\t\t<div class=\"elementor-element elementor-element-2d62856 elementor-widget elementor-widget-text-editor\" data-id=\"2d62856\" data-element_type=\"widget\" data-e-type=\"widget\" data-widget_type=\"text-editor.default\">\n\t\t\t\t<div class=\"elementor-widget-container\">\n\t\t\t\t\t\t\t\t\tBem-vindo ao Col\u00e9gio O Aut\u00eantico, onde a educa\u00e7\u00e3o ganha vida! Localizado no cora\u00e7\u00e3o de Juazeiro do Norte, CE, oferecemos uma jornada educacional excepcional do Infantil ao 9\u00ba ano. Nosso compromisso \u00e9 proporcionar um ambiente de aprendizado inspirador, onde cada aluno \u00e9 encorajado a alcan\u00e7ar seu m\u00e1ximo potencial.\t\t\t\t\t\t\t\t<\/div>\n\t\t\t\t<\/div>\n\t\t\t\t<div class=\"elementor-element elementor-element-319cf5c elementor-align-center elementor-widget elementor-widget-button\" data-id=\"319cf5c\" data-element_type=\"widget\" data-e-type=\"widget\" data-widget_type=\"button.default\">\n\t\t\t\t<div class=\"elementor-widget-container\">\n\t\t\t\t\t\t\t\t\t<div class=\"elementor-button-wrapper\">\n\t\t\t\t\t<a class=\"elementor-button elementor-button-link elementor-size-sm\" href=\"https:\/\/api.whatsapp.com\/send?phone=5588988159562&#038;text=Ol%C3%A1%2C+Col%C3%A9gio+O+Aut%C3%AAntico\">\n\t\t\t\t\t\t<span class=\"elementor-button-content-wrapper\">\n\t\t\t\t\t\t\t\t\t<span class=\"elementor-button-text\">Entre Em Contato!<\/span>\n\t\t\t\t\t<\/span>\n\t\t\t\t\t<\/a>\n\t\t\t\t<\/div>\n\t\t\t\t\t\t\t\t<\/div>\n\t\t\t\t<\/div>\n\t\t\t\t\t<\/div>\n\t\t<\/div>\n\t\t\t\t\t<\/div>\n\t\t<\/section>\n\t\t\t\t\t<\/div>\n\t\t<\/div>\n\t\t\t\t\t<\/div>\n\t\t<\/section>\n\t\t\t\t<\/div>\n\t\t","protected":false},"excerpt":{"rendered":"<p>P\u00e1gina em Manuten\u00e7\u00e3o Bem-vindo ao Col\u00e9gio O Aut\u00eantico, onde a educa\u00e7\u00e3o ganha vida! Localizado no cora\u00e7\u00e3o de Juazeiro do Norte, [&hellip;]<\/p>\n","protected":false},"author":1,"featured_media":0,"parent":0,"menu_order":0,"comment_status":"closed","ping_status":"closed","template":"","meta":{"_monsterinsights_skip_tracking":false,"_monsterinsights_sitenote_active":false,"_monsterinsights_sitenote_note":"","_monsterinsights_sitenote_category":0,"site-sidebar-layout":"no-sidebar","site-content-layout":"","ast-site-content-layout":"full-width-container","site-content-style":"default","site-sidebar-style":"default","ast-global-header-display":"","ast-banner-title-visibility":"","ast-main-header-display":"disabled","ast-hfb-above-header-display":"","ast-hfb-below-header-display":"","ast-hfb-mobile-header-display":"disabled","site-post-title":"disabled","ast-breadcrumbs-content":"","ast-featured-img":"disabled","footer-sml-layout":"disabled","ast-disable-related-posts":"","theme-transparent-header-meta":"default","adv-header-id-meta":"","stick-header-meta":"","header-above-stick-meta":"","header-main-stick-meta":"","header-below-stick-meta":"","astra-migrate-meta-layouts":"set","ast-page-background-enabled":"default","ast-page-background-meta":{"desktop":{"background-color":"var(--ast-global-color-4)","background-image":"","background-repeat":"repeat","background-position":"center center","background-size":"auto","background-attachment":"scroll","background-type":"","background-media":"","overlay-type":"","overlay-color":"","overlay-opacity":"","overlay-gradient":""},"tablet":{"background-color":"","background-image":"","background-repeat":"repeat","background-position":"center center","background-size":"auto","background-attachment":"scroll","background-type":"","background-media":"","overlay-type":"","overlay-color":"","overlay-opacity":"","overlay-gradient":""},"mobile":{"background-color":"","background-image":"","background-repeat":"repeat","background-position":"center center","background-size":"auto","background-attachment":"scroll","background-type":"","background-media":"","overlay-type":"","overlay-color":"","overlay-opacity":"","overlay-gradient":""}},"ast-content-background-meta":{"desktop":{"background-color":"var(--ast-global-color-5)","background-image":"","background-repeat":"repeat","background-position":"center center","background-size":"auto","background-attachment":"scroll","background-type":"","background-media":"","overlay-type":"","overlay-color":"","overlay-opacity":"","overlay-gradient":""},"tablet":{"background-color":"var(--ast-global-color-5)","background-image":"","background-repeat":"repeat","background-position":"center center","background-size":"auto","background-attachment":"scroll","background-type":"","background-media":"","overlay-type":"","overlay-color":"","overlay-opacity":"","overlay-gradient":""},"mobile":{"background-color":"var(--ast-global-color-5)","background-image":"","background-repeat":"repeat","background-position":"center center","background-size":"auto","background-attachment":"scroll","background-type":"","background-media":"","overlay-type":"","overlay-color":"","overlay-opacity":"","overlay-gradient":""}},"_joinchat":[],"footnotes":""},"class_list":["post-173","page","type-page","status-publish","hentry"],"_links":{"self":[{"href":"https:\/\/colegiooautentico.com\/index.php\/wp-json\/wp\/v2\/pages\/173","targetHints":{"allow":["GET"]}}],"collection":[{"href":"https:\/\/colegiooautentico.com\/index.php\/wp-json\/wp\/v2\/pages"}],"about":[{"href":"https:\/\/colegiooautentico.com\/index.php\/wp-json\/wp\/v2\/types\/page"}],"author":[{"embeddable":true,"href":"https:\/\/colegiooautentico.com\/index.php\/wp-json\/wp\/v2\/users\/1"}],"replies":[{"embeddable":true,"href":"https:\/\/colegiooautentico.com\/index.php\/wp-json\/wp\/v2\/comments?post=173"}],"version-history":[{"count":13,"href":"https:\/\/colegiooautentico.com\/index.php\/wp-json\/wp\/v2\/pages\/173\/revisions"}],"predecessor-version":[{"id":191,"href":"https:\/\/colegiooautentico.com\/index.php\/wp-json\/wp\/v2\/pages\/173\/revisions\/191"}],"wp:attachment":[{"href":"https:\/\/colegiooautentico.com\/index.php\/wp-json\/wp\/v2\/media?parent=173"}],"curies":[{"name":"wp","href":"https:\/\/api.w.org\/{rel}","templated":true}]}}